{"id":1388,"date":"2021-04-05T07:57:16","date_gmt":"2021-04-05T00:57:16","guid":{"rendered":"https:\/\/mdri.org.vn\/about-mdri\/"},"modified":"2024-06-20T11:18:53","modified_gmt":"2024-06-20T04:18:53","slug":"ve-chung-toi","status":"publish","type":"page","link":"https:\/\/mdri.org.vn\/vi\/ve-chung-toi\/","title":{"rendered":"V\u1ec1 ch\u00fang t\u00f4i"},"content":{"rendered":"<p><strong><span style=\"color: #126325;\">Vi\u1ec7n Nghi\u00ean c\u1ee9u Ph\u00e1t tri\u1ec3n Mekong (MDRI)<\/span><\/strong> l\u00e0 m\u1ed9t vi\u1ec7n nghi\u00ean c\u1ee9u \u0111\u1ed9c l\u1eadp. T\u1ea1i \u0111\u00e2y, ch\u00fang t\u00f4i tin r\u1eb1ng nghi\u00ean c\u1ee9u \u0111\u00f3ng vai tr\u00f2 kh\u00f4ng th\u1ec3 thi\u1ebfu trong s\u1ef1 thay \u0111\u1ed5i v\u00e0 ph\u00e1t tri\u1ec3n c\u1ee7a x\u00e3 h\u1ed9i. T\u1ea1i \u0111\u00e2y, ch\u00fang t\u00f4i tin r\u1eb1ng nghi\u00ean c\u1ee9u \u0111\u00f3ng vai tr\u00f2 kh\u00f4ng th\u1ec3 thi\u1ebfu trong s\u1ef1 thay \u0111\u1ed5i v\u00e0 ph\u00e1t tri\u1ec3n c\u1ee7a x\u00e3 h\u1ed9i.<br \/>\nC\u00e1c d\u1ecbch v\u1ee5 ch\u00ednh c\u1ee7a ch\u00fang t\u00f4i t\u1eadp trung v\u00e0o c\u00e1c l\u0129nh v\u1ef1c gi\u1ea3m ngh\u00e8o, d\u00e2n t\u1ed9c thi\u1ec3u s\u1ed1, n\u00f4ng nghi\u1ec7p v\u00e0 ph\u00e1t tri\u1ec3n n\u00f4ng th\u00f4n, lao \u0111\u1ed9ng v\u00e0 nh\u1eadp c\u01b0, n\u01b0\u1edbc s\u1ea1ch v\u00e0 v\u1ec7 sinh m\u00f4i tr\u01b0\u1eddng, gi\u00e1o d\u1ee5c, bi\u1ebfn \u0111\u1ed5i kh\u00ed h\u1eadu, nghi\u00ean c\u1ee9u th\u1ecb tr\u01b0\u1eddng \u2013 ng\u00e0nh h\u00e0ng v\u00e0 th\u01b0\u01a1ng m\u1ea1i, qu\u1ea3n tr\u1ecb. Qua c\u00e1c nghi\u00ean c\u1ee9u v\u00e0 ho\u1ea1t \u0111\u1ed9ng t\u01b0 v\u1ea5n, MDRI \u0111\u00e3 \u0111\u01b0a ra nh\u1eefng s\u1ea3n ph\u1ea9m t\u01b0 v\u1ea5n v\u00e0 nghi\u00ean c\u1ee9u gi\u00e1 tr\u1ecb; m\u1ed9t s\u1ed1 trong \u0111\u00f3 \u0111\u00e3 \u0111\u01b0\u1ee3c xu\u1ea5t b\u1ea3n tr\u00ean c\u00e1c t\u1ea1p ch\u00ed qu\u1ed1c t\u1ebf c\u00f3 uy t\u00edn nh\u01b0 American Economic Journal, World Development, Health Economic Journal,.. ; v\u00e0 m\u1ed9t s\u1ed1 kh\u00e1c \u0111\u00e3 \u0111\u01b0\u1ee3c c\u00f4ng b\u1ed1 d\u01b0\u1edbi d\u1ea1ng c\u00e1c b\u00e1o c\u00e1o t\u01b0 v\u1ea5n, t\u00f3m l\u01b0\u1ee3c ch\u00ednh s\u00e1ch g\u1eedi \u0111\u1ebfn c\u00e1c l\u00e3nh \u0111\u1ea1o c\u1ea5p cao; v\u00e0 r\u1ea5t nhi\u1ec1u c\u00e1c k\u1ebft qu\u1ea3 kh\u00e1c \u0111\u01b0\u1ee3c tr\u00ecnh b\u00e0y t\u1ea1i c\u00e1c cu\u1ed9c \u0111\u1ed1i tho\u1ea1i, h\u1ed9i th\u1ea3o trong v\u00e0 ngo\u00e0i n\u01b0\u1edbc.<\/p>\n<p>M\u1ee5c ti\u00eau c\u1ee7a MDRI tr\u1edf th\u00e0nh m\u1ed9t Vi\u1ec7n nghi\u00ean c\u1ee9u ch\u00ednh s\u00e1ch v\u00e0 ph\u00e1t tri\u1ec3n h\u00e0ng \u0111\u1ea7u t\u1ea1i khu v\u1ef1c s\u00f4ng Mekong. Ch\u00fang t\u00f4i hy v\u1ecdng r\u1eb1ng c\u00e1c c\u00e1c s\u1ea3n ph\u1ea9m nghi\u00ean c\u1ee9u c\u00f3 ch\u1ea5t l\u01b0\u1ee3ng v\u00e0 uy t\u00edn c\u1ee7a MDRI s\u1ebd \u0111\u00f3ng g\u00f3p v\u00e0o s\u1ef1 ph\u00e1t tri\u1ec3n c\u1ee7a khu v\u1ef1c c\u0169ng nh\u01b0 chia s\u1ebb c\u00e1c kinh nghi\u1ec7m c\u1ee7a Vi\u1ec7t Nam v\u1edbi c\u00e1c qu\u1ed1c gia c\u00f3 \u0111i\u1ec1u ki\u1ec7n kinh t\u1ebf-x\u00e3 h\u1ed9i t\u01b0\u01a1ng \u0111\u1ed3ng.<\/p>\n<p>MDRI hi\u1ec7n \u0111\u01b0\u1ee3c x\u1ebfp h\u1ea1ng 1 trong s\u1ed1 c\u00e1c vi\u1ec7n nghi\u00ean c\u1ee9u kinh t\u1ebf t\u1ea1i Vi\u1ec7t Nam v\u00e0 trong top 17% tr\u00ean 12,700 vi\u1ec7n kinh t\u1ebf th\u1ebf gi\u1edbi b\u1edfi t\u1ed5 ch\u1ee9c IDEAS: Nghi\u00ean c\u1ee9u Kinh t\u1ebf v\u00e0 T\u00e0i ch\u00ednh.<\/p>\n","protected":false},"excerpt":{"rendered":"<p>Vi\u1ec7n Nghi\u00ean c\u1ee9u Ph\u00e1t tri\u1ec3n Mekong (MDRI) l\u00e0 m\u1ed9t vi\u1ec7n nghi\u00ean c\u1ee9u \u0111\u1ed9c l\u1eadp. T\u1ea1i \u0111\u00e2y, ch\u00fang t\u00f4i tin r\u1eb1ng nghi\u00ean c\u1ee9u \u0111\u00f3ng vai tr\u00f2 kh\u00f4ng th\u1ec3 thi\u1ebfu trong s\u1ef1 thay \u0111\u1ed5i v\u00e0 ph\u00e1t tri\u1ec3n c\u1ee7a x\u00e3 h\u1ed9i. T\u1ea1i \u0111\u00e2y, ch\u00fang t\u00f4i tin r\u1eb1ng nghi\u00ean c\u1ee9u \u0111\u00f3ng vai tr\u00f2 kh\u00f4ng th\u1ec3 thi\u1ebfu trong s\u1ef1 thay [&hellip;]<\/p>\n","protected":false},"author":1,"featured_media":0,"parent":0,"menu_order":0,"comment_status":"closed","ping_status":"closed","template":"","meta":[],"_links":{"self":[{"href":"https:\/\/mdri.org.vn\/vi\/wp-json\/wp\/v2\/pages\/1388"}],"collection":[{"href":"https:\/\/mdri.org.vn\/vi\/wp-json\/wp\/v2\/pages"}],"about":[{"href":"https:\/\/mdri.org.vn\/vi\/wp-json\/wp\/v2\/types\/page"}],"author":[{"embeddable":true,"href":"https:\/\/mdri.org.vn\/vi\/wp-json\/wp\/v2\/users\/1"}],"replies":[{"embeddable":true,"href":"https:\/\/mdri.org.vn\/vi\/wp-json\/wp\/v2\/comments?post=1388"}],"version-history":[{"count":30,"href":"https:\/\/mdri.org.vn\/vi\/wp-json\/wp\/v2\/pages\/1388\/revisions"}],"predecessor-version":[{"id":3513,"href":"https:\/\/mdri.org.vn\/vi\/wp-json\/wp\/v2\/pages\/1388\/revisions\/3513"}],"wp:attachment":[{"href":"https:\/\/mdri.org.vn\/vi\/wp-json\/wp\/v2\/media?parent=1388"}],"curies":[{"name":"wp","href":"https:\/\/api.w.org\/{rel}","templated":true}]}}